{"id":1088,"date":"2019-01-14T16:19:13","date_gmt":"2019-01-14T16:19:13","guid":{"rendered":"https:\/\/oaza.mikado-themes.com\/?page_id=1088"},"modified":"2025-12-21T21:03:32","modified_gmt":"2025-12-21T20:03:32","slug":"soins-visage","status":"publish","type":"page","link":"https:\/\/ojaslo.fr\/index.php\/soins-visage\/","title":{"rendered":"Soins du visage"},"content":{"rendered":"<p>[vc_row][vc_column][vc_empty_space]<div class=\"mkdf-section-title-holder \" >\n\t<div class=\"mkdf-st-inner\">\n\t\t\t\t\t\t\t<\/div>\n<\/div>[vc_empty_space][\/vc_column][\/vc_row][vc_row][vc_column]<div class=\"mkdf-iwt clearfix  mkdf-iwt-icon-top mkdf-iwt-icon-tiny\">\n\t<div class=\"mkdf-iwt-icon\">\n\t\t\t\t\t\t\t\t\t<img loading=\"lazy\" decoding=\"async\" width=\"179\" height=\"145\" src=\"https:\/\/ojaslo.fr\/wp-content\/uploads\/2023\/11\/logo-kerali.jpg\" class=\"attachment-full size-full\" alt=\"\" \/>\t\t\t\t\t\t<\/div>\n\t<div class=\"mkdf-iwt-content\" >\n\t\t\t\t\t\t\t\t\t<p class=\"mkdf-iwt-text\" >Les soins de beaut\u00e9 bio Kerali sont \u00e9labor\u00e9s avec des ingr\u00e9dients de grande puret\u00e9, principalement issus de cueillettes de plantes sauvages et de cultures biologiques dans le sud de l&#039;Inde, o\u00f9 l&#039;ayurv\u00e9da prend racine. J&#039;ai choisi de collaborer avec cette marque nantaise pour sa particularit\u00e9 : des cosm\u00e9tiques formul\u00e9s sans eau<\/p>\n\t\t\t<\/div>\n<\/div>[vc_empty_space height=\u00a0\u00bb50px\u00a0\u00bb][\/vc_column][\/vc_row][vc_row][vc_column width=\u00a0\u00bb1\/3&Prime;][vc_empty_space height=\u00a0\u00bb65px\u00a0\u00bb][\/vc_column][vc_column width=\u00a0\u00bb1\/3&Prime;]<div class=\"mkdf-elements-holder   mkdf-one-column  mkdf-responsive-mode-768 \" ><div class=\"mkdf-eh-item    \"  data-item-class=\"mkdf-eh-custom-1968\" data-769-1024=\"0 3.5% 0 0\" data-681-768=\"0 0 0 0\" data-680=\"0 0 0 0\">\n\t<div class=\"mkdf-eh-item-inner\">\n\t\t<div class=\"mkdf-eh-item-content mkdf-eh-custom-1968\" style=\"padding: 0 3.5% 0 80px\">\n\t\t\t<div class=\"mkdf-pricing-list clearfix mkdf-pli-normal-space\">\n\t\t<div class=\"mkdf-pl-wrapper\">\n\t\t<div class=\"mkdf-pricing-list-item clearfix  \">\n\t<div class=\"mkdf-pli-content clearfix\">\n\t\t\t\t\t<div class=\"mkdf-pli-title-holder\">\n\t\t\t\t<a class=\"mkdf-pricing-list-item-link\" itemprop=\"url\" target=\"_self\" href=\"\">\n\t\t\t\t\t<h5 itemprop=\"name\" class=\"mkdf-pli-title entry-title\" >\n\t\t\t\t\t\tAux portes de l&#039;inde\t\t\t\t\t<\/h5>\n\t\t\t\t<\/a>\n\t\t\t\t\t\t\t\t\t<div class=\"mkdf-pli-price-holder\">\n                            <h5 class=\"mkdf-pli-price\" >\n                                <span>30min - 40\u20ac<\/span>\n                            <\/h5>\n\t\t\t\t\t<\/div>\n\t\t\t\t\t\t\t<\/div>\n\t\t\t\t<div class=\"mkdf-pli-bottom-content\">\n\t\t\t\t\t\t\t<div class=\"mkdf-pli-desc\">\n\t\t\t\t\t<p >Plongez dans l&#039;Inde, laissez-vous envo\u00fbter par des ar\u00f4mes de rose, cardamome et jasmin. Notre soin, avec gommage et masque aux plantes ayurv\u00e9diques, rend la peau douce et \u00e9quilibr\u00e9e. Une pause d\u00e9tente id\u00e9ale<\/p>\n\t\t\t\t<\/div>\n\t\t\t\t\t<\/div>\n\t\t<div class=\"mkdf-pli-separator\" ><\/div>\n\t<\/div>\n<\/div><div class=\"mkdf-pricing-list-item clearfix  \">\n\t<div class=\"mkdf-pli-content clearfix\">\n\t\t\t\t\t<div class=\"mkdf-pli-title-holder\">\n\t\t\t\t<a class=\"mkdf-pricing-list-item-link\" itemprop=\"url\" target=\"_self\" href=\"\">\n\t\t\t\t\t<h5 itemprop=\"name\" class=\"mkdf-pli-title entry-title\" >\n\t\t\t\t\t\tL&#039;escale indienne\t\t\t\t\t<\/h5>\n\t\t\t\t<\/a>\n\t\t\t\t\t\t\t\t\t<div class=\"mkdf-pli-price-holder\">\n                            <h5 class=\"mkdf-pli-price\" >\n                                <span>60min - 77\u20ac<\/span>\n                            <\/h5>\n\t\t\t\t\t<\/div>\n\t\t\t\t\t\t\t<\/div>\n\t\t\t\t<div class=\"mkdf-pli-bottom-content\">\n\t\t\t\t\t\t\t<div class=\"mkdf-pli-desc\">\n\t\t\t\t\t<p >Ce soin d\u00e9bute par un modelage \u00e0 sec des trap\u00e8zes et du cuir chevelu afin de rel\u00e2cher les tensions et de profiter pleinement du soin visage. Ce soin vous offre un nettoyage de peau en profondeur aux poudres de plantes ayurv\u00e9diques, accompagn\u00e9 d\u2019un massage facial \u00e0 l\u2019huile chaude des points marmas. Il est inspir\u00e9 des secrets de la beaut\u00e9 indienne et permet le r\u00e9\u00e9quilibre des \u00e9nergies pour favoriser l\u2019auto-r\u00e9gulation, l\u2019anti-\u00e2ge et le confort propre \u00e0 chaque peau.<\/p>\n\t\t\t\t<\/div>\n\t\t\t\t\t<\/div>\n\t\t<div class=\"mkdf-pli-separator\" ><\/div>\n\t<\/div>\n<\/div><div class=\"mkdf-pricing-list-item clearfix  \">\n\t<div class=\"mkdf-pli-content clearfix\">\n\t\t\t\t\t<div class=\"mkdf-pli-title-holder\">\n\t\t\t\t<a class=\"mkdf-pricing-list-item-link\" itemprop=\"url\" target=\"_self\" href=\"\">\n\t\t\t\t\t<h5 itemprop=\"name\" class=\"mkdf-pli-title entry-title\" >\n\t\t\t\t\t\tLe reve indien\t\t\t\t\t<\/h5>\n\t\t\t\t<\/a>\n\t\t\t\t\t\t\t\t\t<div class=\"mkdf-pli-price-holder\">\n                            <h5 class=\"mkdf-pli-price\" >\n                                <span>90min - 100 \u20ac<\/span>\n                            <\/h5>\n\t\t\t\t\t<\/div>\n\t\t\t\t\t\t\t<\/div>\n\t\t\t\t<div class=\"mkdf-pli-bottom-content\">\n\t\t\t\t\t\t\t<div class=\"mkdf-pli-desc\">\n\t\t\t\t\t<p >V\u00e9ritable voyage relaxant, le soin d\u00e9bute assis, par un massage du cuir chevelu. Puis le rituel sp\u00e9cifiquement adapt\u00e9 \u00e0 votre constitution se poursuit allong\u00e9 avec un soin visage traditionnel indien et se termine par un massage des points marmas des pieds ou des mains \u00e0 l\u2019huile chaude ayurv\u00e9dique, qui apportera un rel\u00e2chement du corps et de l\u2019esprit, tout en stimulant la r\u00e9g\u00e9n\u00e9ration cellulaire de la peau.<\/p>\n\t\t\t\t<\/div>\n\t\t\t\t\t<\/div>\n\t\t<div class=\"mkdf-pli-separator\" ><\/div>\n\t<\/div>\n<\/div>\t<\/div>\n<\/div>\t\t<\/div>\n\t<\/div>\n<\/div><\/div>[\/vc_column][vc_column width=\u00a0\u00bb1\/3&Prime;][vc_empty_space height=\u00a0\u00bb65px\u00a0\u00bb][\/vc_column][vc_column]<div class=\"mkdf-elements-holder   mkdf-one-column  mkdf-responsive-mode-768 mkdf-one-column-alignment-center\" ><div class=\"mkdf-eh-item   mkdf-horizontal-alignment-center \"  data-item-class=\"mkdf-eh-custom-3866\">\n\t<div class=\"mkdf-eh-item-inner\">\n\t\t<div class=\"mkdf-eh-item-content mkdf-eh-custom-3866\" >\n\t\t\t<a itemprop=\"url\" href=\"https:\/\/ojaslo.fr\/index.php\/elements\/pricing-tables\/\" target=\"_self\" style=\"color: #66aa00;background-color: #ffffff;border-color: #0eb200\" class=\"mkdf-btn mkdf-btn-medium mkdf-btn-solid mkdf-btn-custom-hover-bg mkdf-btn-custom-hover-color\" data-hover-color=\"#ffffff\" data-hover-bg-color=\"#b0d68d\" >\n    <span class=\"mkdf-btn-text\">R\u00e9server<\/span>\n    <\/a>[vc_empty_space]\t\t<\/div>\n\t<\/div>\n<\/div><\/div>[\/vc_column][\/vc_row][vc_row row_content_width=\u00a0\u00bbgrid\u00a0\u00bb][vc_column]<div class=\"mkdf-masonry-gallery-holder mkdf-disable-bottom-space mkdf-predefined-layout mkdf-three-columns mkdf-small-space\">\n\t<div class=\"mkdf-mg-inner mkdf-outer-space\">\n\t\t<div class=\"mkdf-mg-grid-sizer\"><\/div>\n\t\t<div class=\"mkdf-mg-grid-gutter\"><\/div>\n\t\t\n<article class=\"mkdf-item-space mkdf-mg-item mkdf-mg-with-button mkdf-masonry-size-small mkdf-mg-skin-default\">\n\t<div class=\"mkdf-mg-item-inner\">\n\t\t\t<div class=\"mkdf-mg-item-image\">\n\t\t<div class=\"mkdf-mg-item-image-inner\" style=\"background-image: url(https:\/\/ojaslo.fr\/wp-content\/uploads\/2019\/01\/h2-img-9.jpg)\">\n\t\t\t<img loading=\"lazy\" decoding=\"async\" width=\"433\" height=\"433\" src=\"https:\/\/ojaslo.fr\/wp-content\/uploads\/2019\/01\/h2-img-9.jpg\" class=\"attachment-post-thumbnail size-post-thumbnail wp-post-image\" alt=\"a\" srcset=\"https:\/\/ojaslo.fr\/wp-content\/uploads\/2019\/01\/h2-img-9.jpg 433w, https:\/\/ojaslo.fr\/wp-content\/uploads\/2019\/01\/h2-img-9-300x300.jpg 300w, https:\/\/ojaslo.fr\/wp-content\/uploads\/2019\/01\/h2-img-9-100x100.jpg 100w, https:\/\/ojaslo.fr\/wp-content\/uploads\/2019\/01\/h2-img-9-150x150.jpg 150w\" sizes=\"auto, (max-width: 433px) 100vw, 433px\" \/>\t\t<\/div>\n\t<\/div>\n\t\t<div class=\"mkdf-mg-item-holder\" >\n\t\t\t<div class=\"mkdf-mg-item-wrapper\" style=\"background-color:#96cf94\" data-hover-bg-color=\"#86ba75\">\n\t\t\t\t<div class=\"mkdf-mg-item-content\">\n\t\t\t\t\t\t\t\t\t\t\t<h2 itemprop=\"name\" class=\"mkdf-mg-item-title entry-title\" style=\"color:#ffffff\">\n\tBio<\/h2>\n\t\t\t\t\t\t\t\t\t<\/div>\n\t\t\t<\/div>\n\t\t<\/div>\n\t<\/div>\n<\/article>\n<article class=\"mkdf-item-space mkdf-mg-item mkdf-mg-simple mkdf-masonry-size-small mkdf-mg-skin-default\">\n\t<div class=\"mkdf-mg-item-inner\">\n\t\t\t<div class=\"mkdf-mg-item-image\">\n\t\t<div class=\"mkdf-mg-item-image-inner\" style=\"background-image: url(https:\/\/ojaslo.fr\/wp-content\/uploads\/2023\/11\/soins-visage-massage-cuir-chevelu-tete-ojaslo.jpg)\">\n\t\t\t<img loading=\"lazy\" decoding=\"async\" width=\"800\" height=\"800\" src=\"https:\/\/ojaslo.fr\/wp-content\/uploads\/2023\/11\/soins-visage-massage-cuir-chevelu-tete-ojaslo.jpg\" class=\"attachment-post-thumbnail size-post-thumbnail wp-post-image\" alt=\"soins visage cuir chevelu t\u00eate\" srcset=\"https:\/\/ojaslo.fr\/wp-content\/uploads\/2023\/11\/soins-visage-massage-cuir-chevelu-tete-ojaslo.jpg 800w, https:\/\/ojaslo.fr\/wp-content\/uploads\/2023\/11\/soins-visage-massage-cuir-chevelu-tete-ojaslo-300x300.jpg 300w, https:\/\/ojaslo.fr\/wp-content\/uploads\/2023\/11\/soins-visage-massage-cuir-chevelu-tete-ojaslo-150x150.jpg 150w, https:\/\/ojaslo.fr\/wp-content\/uploads\/2023\/11\/soins-visage-massage-cuir-chevelu-tete-ojaslo-768x768.jpg 768w, https:\/\/ojaslo.fr\/wp-content\/uploads\/2023\/11\/soins-visage-massage-cuir-chevelu-tete-ojaslo-650x650.jpg 650w, https:\/\/ojaslo.fr\/wp-content\/uploads\/2023\/11\/soins-visage-massage-cuir-chevelu-tete-ojaslo-600x600.jpg 600w, https:\/\/ojaslo.fr\/wp-content\/uploads\/2023\/11\/soins-visage-massage-cuir-chevelu-tete-ojaslo-100x100.jpg 100w\" sizes=\"auto, (max-width: 800px) 100vw, 800px\" \/>\t\t<\/div>\n\t<\/div>\n\t<\/div>\n<\/article>\n\n<article class=\"mkdf-item-space mkdf-mg-item mkdf-mg-with-button mkdf-masonry-size-small mkdf-mg-skin-default\">\n\t<div class=\"mkdf-mg-item-inner\">\n\t\t\t<div class=\"mkdf-mg-item-image\">\n\t\t<div class=\"mkdf-mg-item-image-inner\" style=\"background-image: url(https:\/\/ojaslo.fr\/wp-content\/uploads\/2019\/01\/h1-masonry-4.jpg)\">\n\t\t\t<img loading=\"lazy\" decoding=\"async\" width=\"960\" height=\"960\" src=\"https:\/\/ojaslo.fr\/wp-content\/uploads\/2019\/01\/h1-masonry-4.jpg\" class=\"attachment-post-thumbnail size-post-thumbnail wp-post-image\" alt=\"a\" srcset=\"https:\/\/ojaslo.fr\/wp-content\/uploads\/2019\/01\/h1-masonry-4.jpg 960w, https:\/\/ojaslo.fr\/wp-content\/uploads\/2019\/01\/h1-masonry-4-300x300.jpg 300w, https:\/\/ojaslo.fr\/wp-content\/uploads\/2019\/01\/h1-masonry-4-100x100.jpg 100w, https:\/\/ojaslo.fr\/wp-content\/uploads\/2019\/01\/h1-masonry-4-600x600.jpg 600w, https:\/\/ojaslo.fr\/wp-content\/uploads\/2019\/01\/h1-masonry-4-150x150.jpg 150w, https:\/\/ojaslo.fr\/wp-content\/uploads\/2019\/01\/h1-masonry-4-768x768.jpg 768w, https:\/\/ojaslo.fr\/wp-content\/uploads\/2019\/01\/h1-masonry-4-650x650.jpg 650w\" sizes=\"auto, (max-width: 960px) 100vw, 960px\" \/>\t\t<\/div>\n\t<\/div>\n\t\t<div class=\"mkdf-mg-item-holder\" style=\"padding:17%\">\n\t\t\t<div class=\"mkdf-mg-item-wrapper\" style=\"background-color:#96cf94\" data-hover-bg-color=\"#86ba75\">\n\t\t\t\t<div class=\"mkdf-mg-item-content\">\n\t\t\t\t\t\t\t\t\t\t\t<h2 itemprop=\"name\" class=\"mkdf-mg-item-title entry-title\" style=\"color:#ffffff\">\n\t\u00c9clat<\/h2>\n\t\t\t\t\t\t\t\t\t<\/div>\n\t\t\t<\/div>\n\t\t<\/div>\n\t<\/div>\n<\/article>\n<article class=\"mkdf-item-space mkdf-mg-item mkdf-mg-simple mkdf-masonry-size-small mkdf-mg-skin-default\">\n\t<div class=\"mkdf-mg-item-inner\">\n\t\t\t<div class=\"mkdf-mg-item-image\">\n\t\t<div class=\"mkdf-mg-item-image-inner\" style=\"background-image: url(https:\/\/ojaslo.fr\/wp-content\/uploads\/2023\/11\/produits-kerali-ojaslo.jpg)\">\n\t\t\t<img loading=\"lazy\" decoding=\"async\" width=\"800\" height=\"800\" src=\"https:\/\/ojaslo.fr\/wp-content\/uploads\/2023\/11\/produits-kerali-ojaslo.jpg\" class=\"attachment-post-thumbnail size-post-thumbnail wp-post-image\" alt=\"soins-bio-kerali-ojaslo\" srcset=\"https:\/\/ojaslo.fr\/wp-content\/uploads\/2023\/11\/produits-kerali-ojaslo.jpg 800w, https:\/\/ojaslo.fr\/wp-content\/uploads\/2023\/11\/produits-kerali-ojaslo-300x300.jpg 300w, https:\/\/ojaslo.fr\/wp-content\/uploads\/2023\/11\/produits-kerali-ojaslo-150x150.jpg 150w, https:\/\/ojaslo.fr\/wp-content\/uploads\/2023\/11\/produits-kerali-ojaslo-768x768.jpg 768w, https:\/\/ojaslo.fr\/wp-content\/uploads\/2023\/11\/produits-kerali-ojaslo-650x650.jpg 650w, https:\/\/ojaslo.fr\/wp-content\/uploads\/2023\/11\/produits-kerali-ojaslo-600x600.jpg 600w, https:\/\/ojaslo.fr\/wp-content\/uploads\/2023\/11\/produits-kerali-ojaslo-100x100.jpg 100w\" sizes=\"auto, (max-width: 800px) 100vw, 800px\" \/>\t\t<\/div>\n\t<\/div>\n\t<\/div>\n<\/article>\n\n<article class=\"mkdf-item-space mkdf-mg-item mkdf-mg-with-button mkdf-masonry-size-small mkdf-mg-skin-light\">\n\t<div class=\"mkdf-mg-item-inner\">\n\t\t\t<div class=\"mkdf-mg-item-image\">\n\t\t<div class=\"mkdf-mg-item-image-inner\" style=\"background-image: url(https:\/\/ojaslo.fr\/wp-content\/uploads\/2019\/01\/h2-img-8.jpg)\">\n\t\t\t<img loading=\"lazy\" decoding=\"async\" width=\"433\" height=\"433\" src=\"https:\/\/ojaslo.fr\/wp-content\/uploads\/2019\/01\/h2-img-8.jpg\" class=\"attachment-post-thumbnail size-post-thumbnail wp-post-image\" alt=\"a\" srcset=\"https:\/\/ojaslo.fr\/wp-content\/uploads\/2019\/01\/h2-img-8.jpg 433w, https:\/\/ojaslo.fr\/wp-content\/uploads\/2019\/01\/h2-img-8-300x300.jpg 300w, https:\/\/ojaslo.fr\/wp-content\/uploads\/2019\/01\/h2-img-8-100x100.jpg 100w, https:\/\/ojaslo.fr\/wp-content\/uploads\/2019\/01\/h2-img-8-150x150.jpg 150w\" sizes=\"auto, (max-width: 433px) 100vw, 433px\" \/>\t\t<\/div>\n\t<\/div>\n\t\t<div class=\"mkdf-mg-item-holder\" >\n\t\t\t<div class=\"mkdf-mg-item-wrapper\" style=\"background-color:#f8b1b0\" data-hover-bg-color=\"#f48580\">\n\t\t\t\t<div class=\"mkdf-mg-item-content\">\n\t\t\t\t\t\t\t\t\t\t\t<h2 itemprop=\"name\" class=\"mkdf-mg-item-title entry-title\" >\n\tBeaut\u00e9<\/h2>\n\t\t\t\t\t\t\t\t\t<\/div>\n\t\t\t<\/div>\n\t\t<\/div>\n\t<\/div>\n<\/article>\n<article class=\"mkdf-item-space mkdf-mg-item mkdf-mg-simple mkdf-masonry-size-small mkdf-mg-skin-default\">\n\t<div class=\"mkdf-mg-item-inner\">\n\t\t\t<div class=\"mkdf-mg-item-image\">\n\t\t<div class=\"mkdf-mg-item-image-inner\" style=\"background-image: url(https:\/\/ojaslo.fr\/wp-content\/uploads\/2023\/11\/soins-visage-bio-ojaslo-masque.jpg)\">\n\t\t\t<img loading=\"lazy\" decoding=\"async\" width=\"800\" height=\"800\" src=\"https:\/\/ojaslo.fr\/wp-content\/uploads\/2023\/11\/soins-visage-bio-ojaslo-masque.jpg\" class=\"attachment-post-thumbnail size-post-thumbnail wp-post-image\" alt=\"soins visage biologique\" srcset=\"https:\/\/ojaslo.fr\/wp-content\/uploads\/2023\/11\/soins-visage-bio-ojaslo-masque.jpg 800w, https:\/\/ojaslo.fr\/wp-content\/uploads\/2023\/11\/soins-visage-bio-ojaslo-masque-300x300.jpg 300w, https:\/\/ojaslo.fr\/wp-content\/uploads\/2023\/11\/soins-visage-bio-ojaslo-masque-150x150.jpg 150w, https:\/\/ojaslo.fr\/wp-content\/uploads\/2023\/11\/soins-visage-bio-ojaslo-masque-768x768.jpg 768w, https:\/\/ojaslo.fr\/wp-content\/uploads\/2023\/11\/soins-visage-bio-ojaslo-masque-650x650.jpg 650w, https:\/\/ojaslo.fr\/wp-content\/uploads\/2023\/11\/soins-visage-bio-ojaslo-masque-600x600.jpg 600w, https:\/\/ojaslo.fr\/wp-content\/uploads\/2023\/11\/soins-visage-bio-ojaslo-masque-100x100.jpg 100w\" sizes=\"auto, (max-width: 800px) 100vw, 800px\" \/>\t\t<\/div>\n\t<\/div>\n\t<\/div>\n<\/article>\n\t<\/div>\n<\/div>[vc_empty_space][\/vc_column][\/vc_row][vc_row][vc_column][\/vc_column][\/vc_row]<\/p>\n","protected":false},"excerpt":{"rendered":"<p>[vc_row][vc_column][vc_empty_space][vc_empty_space][\/vc_column][\/vc_row][vc_row][vc_column][vc_empty_space height=\u00a0\u00bb50px\u00a0\u00bb][\/vc_column][\/vc_row][vc_row][vc_column width=\u00a0\u00bb1\/3&Prime;][vc_empty_space height=\u00a0\u00bb65px\u00a0\u00bb][\/vc_column][vc_column width=\u00a0\u00bb1\/3&Prime;][\/vc_column][vc_column width=\u00a0\u00bb1\/3&Prime;][vc_empty_space height=\u00a0\u00bb65px\u00a0\u00bb][\/vc_column][vc_column][\/vc_column][\/vc_row][vc_row row_content_width=\u00a0\u00bbgrid\u00a0\u00bb][vc_column][vc_empty_space][\/vc_column][\/vc_row][vc_row][vc_column][\/vc_column][\/vc_row]<\/p>\n","protected":false},"author":1,"featured_media":0,"parent":0,"menu_order":0,"comment_status":"closed","ping_status":"closed","template":"full-width.php","meta":{"footnotes":""},"class_list":["post-1088","page","type-page","status-publish","hentry"],"_links":{"self":[{"href":"https:\/\/ojaslo.fr\/index.php\/wp-json\/wp\/v2\/pages\/1088","targetHints":{"allow":["GET"]}}],"collection":[{"href":"https:\/\/ojaslo.fr\/index.php\/wp-json\/wp\/v2\/pages"}],"about":[{"href":"https:\/\/ojaslo.fr\/index.php\/wp-json\/wp\/v2\/types\/page"}],"author":[{"embeddable":true,"href":"https:\/\/ojaslo.fr\/index.php\/wp-json\/wp\/v2\/users\/1"}],"replies":[{"embeddable":true,"href":"https:\/\/ojaslo.fr\/index.php\/wp-json\/wp\/v2\/comments?post=1088"}],"version-history":[{"count":68,"href":"https:\/\/ojaslo.fr\/index.php\/wp-json\/wp\/v2\/pages\/1088\/revisions"}],"predecessor-version":[{"id":5304,"href":"https:\/\/ojaslo.fr\/index.php\/wp-json\/wp\/v2\/pages\/1088\/revisions\/5304"}],"wp:attachment":[{"href":"https:\/\/ojaslo.fr\/index.php\/wp-json\/wp\/v2\/media?parent=1088"}],"curies":[{"name":"wp","href":"https:\/\/api.w.org\/{rel}","templated":true}]}}