{"id":18,"date":"2018-12-18T12:34:18","date_gmt":"2018-12-18T12:34:18","guid":{"rendered":"https:\/\/oaza.mikado-themes.com\/?page_id=18"},"modified":"2025-03-21T22:31:48","modified_gmt":"2025-03-21T21:31:48","slug":"home-1","status":"publish","type":"page","link":"https:\/\/ojaslo.fr\/","title":{"rendered":"Accueil"},"content":{"rendered":"<p>[vc_row][vc_column][rev_slider_vc alias=\u00a0\u00bbbeauty-salon\u00a0\u00bb enable_paspartu=\u00a0\u00bbno\u00a0\u00bb][\/vc_column][\/vc_row][vc_row row_content_width=\u00a0\u00bbgrid\u00a0\u00bb css=\u00a0\u00bb.vc_custom_1547655648819{margin-top: -9.2% !important;}\u00a0\u00bb][vc_column css=\u00a0\u00bb.vc_custom_1549961420742{margin-top: -12% !important;}\u00a0\u00bb]<div class=\"mkdf-elements-holder   mkdf-one-column  mkdf-responsive-mode-768 \" ><div class=\"mkdf-eh-item    \"  data-item-class=\"mkdf-eh-custom-4087\" data-1367-1600=\"45px 0 0 0\" data-1025-1366=\"22px 0 0 0\" data-769-1024=\"0 0 0 0\" data-681-768=\"0 0 0 0\" data-680=\"20px 0 0 0\">\n\t<div class=\"mkdf-eh-item-inner\">\n\t\t<div class=\"mkdf-eh-item-content mkdf-eh-custom-4087\" style=\"padding: 47px 0 0 0\">\n\t\t\t\t\t<\/div>\n\t<\/div>\n<\/div><\/div>[\/vc_column][\/vc_row][vc_row content_text_aligment=\u00a0\u00bbcenter\u00a0\u00bb css=\u00a0\u00bb.vc_custom_1546526969210{padding-top: 140px !important;}\u00a0\u00bb][vc_column]<div class=\"mkdf-elements-holder   mkdf-one-column  mkdf-responsive-mode-768 \" ><div class=\"mkdf-eh-item    \"  data-item-class=\"mkdf-eh-custom-4828\" data-1367-1600=\"0px 26% 0px\" data-1025-1366=\"0 24%\" data-769-1024=\"0 16%\" data-681-768=\"0 9%\" data-680=\"0 6%\">\n\t<div class=\"mkdf-eh-item-inner\">\n\t\t<div class=\"mkdf-eh-item-content mkdf-eh-custom-4828\" style=\"padding: 0px 31% 0px\">\n\t\t\t<div class=\"mkdf-section-title-holder \" >\n\t<div class=\"mkdf-st-inner\">\n\t\t\t\t\t<span class=\"mkdf-st-subtitle\" >\n\t\t\tVotre institut de beaut\u00e9 et de bien-\u00eatre Bio\t\t\t<\/span>\n\t\t\t\t\t\t\t<h2 class=\"mkdf-st-title\" >\n\t\t\t\tOJASLO\t\t\t<\/h2>\n\t\t\t\t\t\t\t<p class=\"mkdf-st-text\" >\n\t\t\t\tPlongez dans l'univers d'Ojaslo, o\u00f9 le bien-\u00eatre ancestral malaisien, indien et le naturel s'unissent.<br \/>\nAdoptez mes soins bio, incluant massages ayurv\u00e9diques et malaisiens pour harmoniser corps et esprit.<br \/>\nProfitez d'\u00e9pilations d\u00e9licates \u00e0 la cire et d'une \u00e9pilation au fil en douceur.<br \/>\nVotre voyage vers la d\u00e9tente commence ici, chez Ojaslo.\t\t\t<\/p>\n\t\t\t<\/div>\n<\/div>[vc_column_text]<strong>L&rsquo;institut est exclusivement r\u00e9serv\u00e9 \u00e0 la client\u00e8le f\u00e9minine. Merci de votre compr\u00e9hension.<\/strong>[\/vc_column_text][vc_single_image image=\u00a0\u00bb4092&Prime; alignment=\u00a0\u00bbcenter\u00a0\u00bb][vc_column_text]<strong><em>Sharmeeladevi Ganesan<\/em><\/strong>[\/vc_column_text][vc_empty_space][vc_empty_space]\t\t<\/div>\n\t<\/div>\n<\/div><\/div>[\/vc_column][\/vc_row][vc_row parallax=\u00a0\u00bbcontent-moving-fade\u00a0\u00bb parallax_image=\u00a0\u00bb4645&Prime; css=\u00a0\u00bb.vc_custom_1701728598652{padding-top: 140px !important;padding-bottom: 78px !important;}\u00a0\u00bb][vc_column]<div class=\"mkdf-elements-holder   mkdf-one-column  mkdf-responsive-mode-768 \" ><div class=\"mkdf-eh-item   mkdf-horizontal-alignment-center \"  data-item-class=\"mkdf-eh-custom-9095\">\n\t<div class=\"mkdf-eh-item-inner\">\n\t\t<div class=\"mkdf-eh-item-content mkdf-eh-custom-9095\" >\n\t\t\t<div class=\"mkdf-section-title-holder \" >\n\t<div class=\"mkdf-st-inner\">\n\t\t\t\t\t\t\t<h2 class=\"mkdf-st-title\" style=\"color: #ffffff\">\n\t\t\t\tCherchez-vous le cadeau parfait ?\t\t\t<\/h2>\n\t\t\t\t\t<\/div>\n<\/div><div class=\"mkdf-section-title-holder \" >\n\t<div class=\"mkdf-st-inner\">\n\t\t\t\t\t<span class=\"mkdf-st-subtitle\" style=\"color: #ffffff\">\n\t\t\tOffrez une exp\u00e9rience unique de d\u00e9tente et de soin avec la carte cadeau Ojaslo.\t\t\t<\/span>\n\t\t\t\t\t\t\t\t\t<p class=\"mkdf-st-text\" style=\"color: #ffffff\">\n\t\t\t\tId\u00e9ale pour toutes les occasions, cette carte est la promesse d'un moment inoubliable.<br \/>\nCliquez ci-dessous pour partager le cadeau de la s\u00e9r\u00e9nit\u00e9 et de la beaut\u00e9 avec vos proches.\t\t\t<\/p>\n\t\t\t<\/div>\n<\/div>[vc_empty_space]<a itemprop=\"url\" href=\"https:\/\/ojaslo.fr\/index.php\/carte-cadeau\/\" target=\"_self\" style=\"color: #ffffff;border-color: #ffffff\" class=\"mkdf-btn mkdf-btn-medium mkdf-btn-outline mkdf-btn-custom-hover-bg mkdf-btn-custom-border-hover mkdf-btn-custom-hover-color\" data-hover-color=\"#297c25\" data-hover-bg-color=\"#ffffff\" data-hover-border-color=\"#ffffff\" >\n    <span class=\"mkdf-btn-text\">Offrir<\/span>\n    <\/a>\t\t<\/div>\n\t<\/div>\n<\/div><\/div>[vc_empty_space height=\u00a0\u00bb75px\u00a0\u00bb][\/vc_column][\/vc_row][vc_row parallax=\u00a0\u00bbcontent-moving\u00a0\u00bb css=\u00a0\u00bb.vc_custom_1699224690383{padding-top: 140px !important;padding-bottom: 78px !important;}\u00a0\u00bb][vc_column][vc_row_inner row_content_width=\u00a0\u00bbgrid\u00a0\u00bb][vc_column_inner offset=\u00a0\u00bbvc_col-lg-4 vc_col-md-12&Prime;]<div class=\"mkdf-elements-holder   mkdf-one-column  mkdf-responsive-mode-768 \" ><div class=\"mkdf-eh-item    \"  data-item-class=\"mkdf-eh-custom-3760\" data-1025-1366=\"0 3% 0 0\" data-769-1024=\"0 33% 0 0\" data-681-768=\"0 15% 0 0\" data-680=\"0 0 0 0\">\n\t<div class=\"mkdf-eh-item-inner\">\n\t\t<div class=\"mkdf-eh-item-content mkdf-eh-custom-3760\" style=\"padding: 0 5% 0 0\">\n\t\t\t<div class=\"mkdf-iwt clearfix  mkdf-iwt-icon-left mkdf-iwt-icon-small\">\n\t<div class=\"mkdf-iwt-icon\">\n\t\t\t\t\t\t\t\t\t    <span class=\"mkdf-icon-shortcode mkdf-circle   mkdf-icon-small\"  >\n                    <span aria-hidden=\"true\" class=\"mkdf-icon-font-elegant social_delicious mkdf-icon-element\" style=\"\" ><\/span>            <\/span>\n\t\t\t\t\t\t<\/div>\n\t<div class=\"mkdf-iwt-content\" >\n\t\t\t\t\t\t\t<h4 class=\"mkdf-iwt-title\" >\n\t\t\t\t\t\t\t\t<span class=\"mkdf-iwt-title-text\">\u00c9co-Responsabilit\u00e9 et Bien-\u00catre<\/span>\n\t\t\t\t\t\t\t<\/h4>\n\t\t\t\t\t\t\t<p class=\"mkdf-iwt-text\" style=\"color: #555555\">Chez Ojaslo, chaque geste de soin est guid\u00e9 par le respect du corps et de l\u2019environnement. J\u2019utilise des produits biologiques, naturels ou doux, choisis avec exigence pour leur qualit\u00e9, leur sensorialit\u00e9 et leur tol\u00e9rance.<\/p>\n\t\t\t<\/div>\n<\/div>[vc_empty_space height=\u00a0\u00bb62px\u00a0\u00bb]\t\t<\/div>\n\t<\/div>\n<\/div><\/div>[\/vc_column_inner][vc_column_inner offset=\u00a0\u00bbvc_col-lg-4 vc_col-md-12&Prime;]<div class=\"mkdf-elements-holder   mkdf-one-column  mkdf-responsive-mode-768 \" ><div class=\"mkdf-eh-item    \"  data-item-class=\"mkdf-eh-custom-3165\" data-1025-1366=\"0 3% 0 0\" data-769-1024=\"0 33% 0 0\" data-681-768=\"0 15% 0 0\" data-680=\"0 0 0 0\">\n\t<div class=\"mkdf-eh-item-inner\">\n\t\t<div class=\"mkdf-eh-item-content mkdf-eh-custom-3165\" style=\"padding: 0 5% 0 0\">\n\t\t\t<div class=\"mkdf-iwt clearfix  mkdf-iwt-icon-left mkdf-iwt-icon-small\">\n\t<div class=\"mkdf-iwt-icon\">\n\t\t\t\t\t\t\t\t\t    <span class=\"mkdf-icon-shortcode mkdf-circle   mkdf-icon-small\"  >\n                    <span aria-hidden=\"true\" class=\"mkdf-icon-font-elegant icon_box-checked mkdf-icon-element\" style=\"\" ><\/span>            <\/span>\n\t\t\t\t\t\t<\/div>\n\t<div class=\"mkdf-iwt-content\" >\n\t\t\t\t\t\t\t<h4 class=\"mkdf-iwt-title\" >\n\t\t\t\t\t\t\t\t<span class=\"mkdf-iwt-title-text\">Expertise en Soins Traditionnels<\/span>\n\t\t\t\t\t\t\t<\/h4>\n\t\t\t\t\t\t\t<p class=\"mkdf-iwt-text\" style=\"color: #555555\">Sp\u00e9cialiste des massages ayurv\u00e9diques et malaisiens, je vous offre une retraite de relaxation profonde ancr\u00e9e dans des pratiques \u00e9prouv\u00e9es par le temps. Ces m\u00e9thodes traditionnelles, connues pour r\u00e9\u00e9quilibrer le corps et l&#039;esprit, sont ex\u00e9cut\u00e9es avec ma\u00eetrise pour vous transporter dans un \u00e9tat de s\u00e9r\u00e9nit\u00e9.<\/p>\n\t\t\t<\/div>\n<\/div>[vc_empty_space height=\u00a0\u00bb62px\u00a0\u00bb]\t\t<\/div>\n\t<\/div>\n<\/div><\/div>[\/vc_column_inner][vc_column_inner offset=\u00a0\u00bbvc_col-lg-4 vc_col-md-12&Prime;]<div class=\"mkdf-elements-holder   mkdf-one-column  mkdf-responsive-mode-768 \" ><div class=\"mkdf-eh-item    \"  data-item-class=\"mkdf-eh-custom-2342\" data-1025-1366=\"0 3% 0 0\" data-769-1024=\"0 33% 0 0\" data-681-768=\"0 15% 0 0\" data-680=\"0 0 0 0\">\n\t<div class=\"mkdf-eh-item-inner\">\n\t\t<div class=\"mkdf-eh-item-content mkdf-eh-custom-2342\" style=\"padding: 0 5% 0 0\">\n\t\t\t<div class=\"mkdf-iwt clearfix  mkdf-iwt-icon-left mkdf-iwt-icon-small\">\n\t<div class=\"mkdf-iwt-icon\">\n\t\t\t\t\t\t\t\t\t    <span class=\"mkdf-icon-shortcode mkdf-circle   mkdf-icon-small\"  >\n                    <span aria-hidden=\"true\" class=\"mkdf-icon-font-elegant icon_documents_alt mkdf-icon-element\" style=\"\" ><\/span>            <\/span>\n\t\t\t\t\t\t<\/div>\n\t<div class=\"mkdf-iwt-content\" >\n\t\t\t\t\t\t\t<h4 class=\"mkdf-iwt-title\" >\n\t\t\t\t\t\t\t\t<span class=\"mkdf-iwt-title-text\">Une Exp\u00e9rience Personnalis\u00e9e<\/span>\n\t\t\t\t\t\t\t<\/h4>\n\t\t\t\t\t\t\t<p class=\"mkdf-iwt-text\" style=\"color: #555555\">Chaque soin est une exp\u00e9rience unique et personnalis\u00e9e. Je prends le temps de comprendre et d&#039;adapter mes services \u00e0 vos besoins individuels, assurant une exp\u00e9rience de d\u00e9tente et de beaut\u00e9 qui r\u00e9pond \u00e0 vos attentes personnelles et qui vous laisse revigor\u00e9 et \u00e9clatant.<\/p>\n\t\t\t<\/div>\n<\/div>[vc_empty_space height=\u00a0\u00bb62px\u00a0\u00bb]\t\t<\/div>\n\t<\/div>\n<\/div><\/div>[\/vc_column_inner][\/vc_row_inner][\/vc_column][\/vc_row][vc_row][vc_column][vc_single_image image=\u00a0\u00bb4593&Prime; img_size=\u00a0\u00bbLARGE\u00a0\u00bb alignment=\u00a0\u00bbcenter\u00a0\u00bb][vc_empty_space][\/vc_column][\/vc_row][vc_row content_text_aligment=\u00a0\u00bbcenter\u00a0\u00bb][vc_column parallax=\u00a0\u00bbcontent-moving-fade\u00a0\u00bb parallax_image=\u00a0\u00bb4601&Prime; parallax_speed_bg=\u00a0\u00bb3&Prime;]<div class=\"mkdf-elements-holder   mkdf-one-column  mkdf-responsive-mode-768 \" ><div class=\"mkdf-eh-item    \"  data-item-class=\"mkdf-eh-custom-4500\" data-1367-1600=\"110px 18% 121px\" data-1025-1366=\"110px 18% 121px\" data-769-1024=\"107px 7% 118px\" data-681-768=\"110px 9% 121px\" data-680=\"89px 6% 100px\">\n\t<div class=\"mkdf-eh-item-inner\">\n\t\t<div class=\"mkdf-eh-item-content mkdf-eh-custom-4500\" style=\"padding: 117px 24% 128px\">\n\t\t\t<div class=\"mkdf-section-title-holder \" >\n\t<div class=\"mkdf-st-inner\">\n\t\t\t\t\t<span class=\"mkdf-st-subtitle\" style=\"color: #ffffff\">\n\t\t\tVos impressions, mon inspiration\t\t\t<\/span>\n\t\t\t\t\t\t\t<h2 class=\"mkdf-st-title\" style=\"color: #ffffff\">\n\t\t\t\tAvis des clients\t\t\t<\/h2>\n\t\t\t\t\t\t\t<h6 class=\"mkdf-st-text\" style=\"color: #ffffff;font-weight: 300\">\n\t\t\t\tChaque commentaire compte. Vos exp\u00e9riences fa\u00e7onnent mon engagement envers l'excellence et orientent ma qu\u00eate constante d'am\u00e9lioration\t\t\t<\/h6>\n\t\t\t<\/div>\n<\/div>[vc_empty_space]<a itemprop=\"url\" href=\"https:\/\/g.page\/r\/CUnLt9-nNrkvEB0\/\" target=\"_blank\" style=\"color: #ffffff;border-color: #ffffff\" class=\"mkdf-btn mkdf-btn-medium mkdf-btn-outline mkdf-btn-custom-border-hover mkdf-btn-custom-hover-color\" data-hover-color=\"#ffffff\" data-hover-border-color=\"#ffffff\" >\n    <span class=\"mkdf-btn-text\">Voir<\/span>\n    <\/a>\t\t<\/div>\n\t<\/div>\n<\/div><\/div>[\/vc_column][\/vc_row]<\/p>\n","protected":false},"excerpt":{"rendered":"<p>[vc_row][vc_column][rev_slider_vc alias=\u00a0\u00bbbeauty-salon\u00a0\u00bb enable_paspartu=\u00a0\u00bbno\u00a0\u00bb][\/vc_column][\/vc_row][vc_row row_content_width=\u00a0\u00bbgrid\u00a0\u00bb css=\u00a0\u00bb.vc_custom_1547655648819{margin-top: -9.2% !important;}\u00a0\u00bb][vc_column css=\u00a0\u00bb.vc_custom_1549961420742{margin-top: -12% !important;}\u00a0\u00bb][\/vc_column][\/vc_row][vc_row content_text_aligment=\u00a0\u00bbcenter\u00a0\u00bb css=\u00a0\u00bb.vc_custom_1546526969210{padding-top: 140px !important;}\u00a0\u00bb][vc_column][\/vc_column][\/vc_row][vc_row parallax=\u00a0\u00bbcontent-moving-fade\u00a0\u00bb parallax_image=\u00a0\u00bb4645&Prime; css=\u00a0\u00bb.vc_custom_1701728598652{padding-top: 140px !important;padding-bottom: 78px !important;}\u00a0\u00bb][vc_column][vc_empty_space height=\u00a0\u00bb75px\u00a0\u00bb][\/vc_column][\/vc_row][vc_row parallax=\u00a0\u00bbcontent-moving\u00a0\u00bb css=\u00a0\u00bb.vc_custom_1699224690383{padding-top: 140px !important;padding-bottom: 78px !important;}\u00a0\u00bb][vc_column][vc_row_inner row_content_width=\u00a0\u00bbgrid\u00a0\u00bb][vc_column_inner offset=\u00a0\u00bbvc_col-lg-4 vc_col-md-12&Prime;][\/vc_column_inner][vc_column_inner offset=\u00a0\u00bbvc_col-lg-4 vc_col-md-12&Prime;][\/vc_column_inner][vc_column_inner offset=\u00a0\u00bbvc_col-lg-4 vc_col-md-12&Prime;][\/vc_column_inner][\/vc_row_inner][\/vc_column][\/vc_row][vc_row][vc_column][vc_single_image image=\u00a0\u00bb4593&Prime; img_size=\u00a0\u00bbLARGE\u00a0\u00bb alignment=\u00a0\u00bbcenter\u00a0\u00bb][vc_empty_space][\/vc_column][\/vc_row][vc_row content_text_aligment=\u00a0\u00bbcenter\u00a0\u00bb][vc_column parallax=\u00a0\u00bbcontent-moving-fade\u00a0\u00bb [&hellip;]<\/p>\n","protected":false},"author":1,"featured_media":0,"parent":0,"menu_order":0,"comment_status":"closed","ping_status":"closed","template":"full-width.php","meta":{"footnotes":""},"class_list":["post-18","page","type-page","status-publish","hentry"],"_links":{"self":[{"href":"https:\/\/ojaslo.fr\/index.php\/wp-json\/wp\/v2\/pages\/18","targetHints":{"allow":["GET"]}}],"collection":[{"href":"https:\/\/ojaslo.fr\/index.php\/wp-json\/wp\/v2\/pages"}],"about":[{"href":"https:\/\/ojaslo.fr\/index.php\/wp-json\/wp\/v2\/types\/page"}],"author":[{"embeddable":true,"href":"https:\/\/ojaslo.fr\/index.php\/wp-json\/wp\/v2\/users\/1"}],"replies":[{"embeddable":true,"href":"https:\/\/ojaslo.fr\/index.php\/wp-json\/wp\/v2\/comments?post=18"}],"version-history":[{"count":149,"href":"https:\/\/ojaslo.fr\/index.php\/wp-json\/wp\/v2\/pages\/18\/revisions"}],"predecessor-version":[{"id":5104,"href":"https:\/\/ojaslo.fr\/index.php\/wp-json\/wp\/v2\/pages\/18\/revisions\/5104"}],"wp:attachment":[{"href":"https:\/\/ojaslo.fr\/index.php\/wp-json\/wp\/v2\/media?parent=18"}],"curies":[{"name":"wp","href":"https:\/\/api.w.org\/{rel}","templated":true}]}}