{"id":4176,"date":"2023-11-03T23:20:01","date_gmt":"2023-11-03T22:20:01","guid":{"rendered":"https:\/\/ojaslo.fr\/?page_id=4176"},"modified":"2026-04-07T21:44:49","modified_gmt":"2026-04-07T19:44:49","slug":"soins-du-corps","status":"publish","type":"page","link":"https:\/\/ojaslo.fr\/index.php\/soins-du-corps\/","title":{"rendered":"Soins du corps"},"content":{"rendered":"<p>[vc_row][vc_column][vc_empty_space]<div class=\"mkdf-section-title-holder \" >\n\t<div class=\"mkdf-st-inner\">\n\t\t\t\t\t\t\t<\/div>\n<\/div>[vc_empty_space][\/vc_column][\/vc_row][vc_row][vc_column]<div class=\"mkdf-iwt clearfix  mkdf-iwt-icon-top mkdf-iwt-icon-tiny\">\n\t<div class=\"mkdf-iwt-icon\">\n\t\t\t\t\t\t\t\t\t<img loading=\"lazy\" decoding=\"async\" width=\"179\" height=\"145\" src=\"https:\/\/ojaslo.fr\/wp-content\/uploads\/2023\/11\/logo-kerali.jpg\" class=\"attachment-full size-full\" alt=\"\" \/>\t\t\t\t\t\t<\/div>\n\t<div class=\"mkdf-iwt-content\" >\n\t\t\t\t\t\t\t<\/div>\n<\/div>[vc_empty_space height=\u00a0\u00bb50px\u00a0\u00bb][\/vc_column][\/vc_row][vc_row][vc_column width=\u00a0\u00bb1\/3&Prime;][\/vc_column][vc_column width=\u00a0\u00bb1\/3&Prime;]<div class=\"mkdf-elements-holder   mkdf-one-column  mkdf-responsive-mode-768 \" ><div class=\"mkdf-eh-item    \"  data-item-class=\"mkdf-eh-custom-9104\" data-769-1024=\"0 3.5% 0 0\" data-681-768=\"0 0 0 0\" data-680=\"0 0 0 0\">\n\t<div class=\"mkdf-eh-item-inner\">\n\t\t<div class=\"mkdf-eh-item-content mkdf-eh-custom-9104\" style=\"padding: 0 3.5% 0 80px\">\n\t\t\t<div class=\"mkdf-pricing-list clearfix mkdf-pli-normal-space\">\n\t\t<div class=\"mkdf-pl-wrapper\">\n\t\t<div class=\"mkdf-pricing-list-item clearfix  \">\n\t<div class=\"mkdf-pli-content clearfix\">\n\t\t\t\t\t<div class=\"mkdf-pli-title-holder\">\n\t\t\t\t<a class=\"mkdf-pricing-list-item-link\" itemprop=\"url\" target=\"_self\" href=\"\">\n\t\t\t\t\t<h5 itemprop=\"name\" class=\"mkdf-pli-title entry-title\" >\n\t\t\t\t\t\tL\u2019 Enveloppement D\u00e9tox Corps\t\t\t\t\t<\/h5>\n\t\t\t\t<\/a>\n\t\t\t\t\t\t\t\t\t<div class=\"mkdf-pli-price-holder\">\n                            <h5 class=\"mkdf-pli-price\" >\n                                <span>90min - 95\u20ac<\/span>\n                            <\/h5>\n\t\t\t\t\t<\/div>\n\t\t\t\t\t\t\t<\/div>\n\t\t\t\t<div class=\"mkdf-pli-bottom-content\">\n\t\t\t\t\t\t\t<div class=\"mkdf-pli-desc\">\n\t\t\t\t\t<p >Parfait pour la saison Pitta (chaude) ou pour ceux cherchant un soin doux et r\u00e9confortant, l\u2019enveloppement aux plantes ayurv\u00e9diques est appliqu\u00e9 apr\u00e8s le massage. Il enveloppe le corps, absorbe d\u00e9licatement l\u2019huile et aide les tissus \u00e0 rel\u00e2cher les tensions et \u00e0 \u00e9liminer les toxines, pour un moment de pure d\u00e9tente.<\/p>\n\t\t\t\t<\/div>\n\t\t\t\t\t<\/div>\n\t\t<div class=\"mkdf-pli-separator\" ><\/div>\n\t<\/div>\n<\/div><div class=\"mkdf-pricing-list-item clearfix  \">\n\t<div class=\"mkdf-pli-content clearfix\">\n\t\t\t\t\t<div class=\"mkdf-pli-title-holder\">\n\t\t\t\t<a class=\"mkdf-pricing-list-item-link\" itemprop=\"url\" target=\"_self\" href=\"\">\n\t\t\t\t\t<h5 itemprop=\"name\" class=\"mkdf-pli-title entry-title\" >\n\t\t\t\t\t\tLe Gommage Ayurv\u00e9dique Corps\t\t\t\t\t<\/h5>\n\t\t\t\t<\/a>\n\t\t\t\t\t\t\t\t\t<div class=\"mkdf-pli-price-holder\">\n                            <h5 class=\"mkdf-pli-price\" >\n                                <span>90min - 95\u20ac<\/span>\n                            <\/h5>\n\t\t\t\t\t<\/div>\n\t\t\t\t\t\t\t<\/div>\n\t\t\t\t<div class=\"mkdf-pli-bottom-content\">\n\t\t\t\t\t\t\t<div class=\"mkdf-pli-desc\">\n\t\t\t\t\t<p >Ce soin d\u00e9bute par un massage ayurv\u00e9dique \u00e0 l\u2019huile chaude, suivi de frictions aux poudres de plantes qui exfolient la peau en douceur. Il laisse la peau plus souple, plus douce et tonifi\u00e9e. Ce rituel est \u00e0 la fois apaisant et embellissant.<\/p>\n\t\t\t\t<\/div>\n\t\t\t\t\t<\/div>\n\t\t<div class=\"mkdf-pli-separator\" ><\/div>\n\t<\/div>\n<\/div><div class=\"mkdf-pricing-list-item clearfix  \">\n\t<div class=\"mkdf-pli-content clearfix\">\n\t\t\t\t\t<div class=\"mkdf-pli-title-holder\">\n\t\t\t\t<a class=\"mkdf-pricing-list-item-link\" itemprop=\"url\" target=\"_self\" href=\"\">\n\t\t\t\t\t<h5 itemprop=\"name\" class=\"mkdf-pli-title entry-title\" >\n\t\t\t\t\t\tGommage du dos\t\t\t\t\t<\/h5>\n\t\t\t\t<\/a>\n\t\t\t\t\t\t\t\t\t<div class=\"mkdf-pli-price-holder\">\n                            <h5 class=\"mkdf-pli-price\" >\n                                <span>30min - 40\u20ac<\/span>\n                            <\/h5>\n\t\t\t\t\t<\/div>\n\t\t\t\t\t\t\t<\/div>\n\t\t\t\t<div class=\"mkdf-pli-bottom-content\">\n\t\t\t\t\t\t\t<div class=\"mkdf-pli-desc\">\n\t\t\t\t\t<p >Ce soin exfoliant, adapt\u00e9 pour le dos, \u00e9limine l&#039;exc\u00e8s de s\u00e9bum tout en douceur, rendant la peau souple et douce.<\/p>\n\t\t\t\t<\/div>\n\t\t\t\t\t<\/div>\n\t\t<div class=\"mkdf-pli-separator\" ><\/div>\n\t<\/div>\n<\/div><div class=\"mkdf-pricing-list-item clearfix  \">\n\t<div class=\"mkdf-pli-content clearfix\">\n\t\t\t\t\t<div class=\"mkdf-pli-title-holder\">\n\t\t\t\t<a class=\"mkdf-pricing-list-item-link\" itemprop=\"url\" target=\"_self\" href=\"\">\n\t\t\t\t\t<h5 itemprop=\"name\" class=\"mkdf-pli-title entry-title\" >\n\t\t\t\t\t\tGommage des jambes\t\t\t\t\t<\/h5>\n\t\t\t\t<\/a>\n\t\t\t\t\t\t\t\t\t<div class=\"mkdf-pli-price-holder\">\n                            <h5 class=\"mkdf-pli-price\" >\n                                <span>30min - 40\u20ac<\/span>\n                            <\/h5>\n\t\t\t\t\t<\/div>\n\t\t\t\t\t\t\t<\/div>\n\t\t\t\t<div class=\"mkdf-pli-bottom-content\">\n\t\t\t\t\t\t\t<div class=\"mkdf-pli-desc\">\n\t\t\t\t\t<p >Ce soin favorise la r\u00e9g\u00e9n\u00e9ration cutan\u00e9e, pr\u00e9parant id\u00e9alement la peau avant une s\u00e9ance d&#039;\u00e9pilation<\/p>\n\t\t\t\t<\/div>\n\t\t\t\t\t<\/div>\n\t\t<div class=\"mkdf-pli-separator\" ><\/div>\n\t<\/div>\n<\/div>\t<\/div>\n<\/div>\t\t<\/div>\n\t<\/div>\n<\/div><\/div>[\/vc_column][vc_column width=\u00a0\u00bb1\/3&Prime;][\/vc_column][\/vc_row][vc_row][vc_column]<div class=\"mkdf-elements-holder   mkdf-one-column  mkdf-responsive-mode-768 \" ><div class=\"mkdf-eh-item   mkdf-horizontal-alignment-center \"  data-item-class=\"mkdf-eh-custom-5276\">\n\t<div class=\"mkdf-eh-item-inner\">\n\t\t<div class=\"mkdf-eh-item-content mkdf-eh-custom-5276\" >\n\t\t\t<a itemprop=\"url\" href=\"https:\/\/ojaslo.fr\/index.php\/elements\/pricing-tables\/\" target=\"_self\" style=\"color: #66aa00;background-color: #ffffff;border-color: #0eb200\" class=\"mkdf-btn mkdf-btn-medium mkdf-btn-solid mkdf-btn-custom-hover-bg mkdf-btn-custom-hover-color\" data-hover-color=\"#ffffff\" data-hover-bg-color=\"#b0d68d\" >\n    <span class=\"mkdf-btn-text\">R\u00e9server<\/span>\n    <\/a>[vc_empty_space]\t\t<\/div>\n\t<\/div>\n<\/div><\/div>[\/vc_column][\/vc_row][vc_row][vc_column width=\u00a0\u00bb1\/3&Prime;][\/vc_column][vc_column width=\u00a0\u00bb1\/3&Prime;]<div class=\"mkdf-elements-holder   mkdf-one-column  mkdf-responsive-mode-768 \" ><div class=\"mkdf-eh-item    \"  data-item-class=\"mkdf-eh-custom-6713\" data-769-1024=\"0 3.5% 0 0\" data-681-768=\"0 0 0 0\" data-680=\"0 0 0 0\">\n\t<div class=\"mkdf-eh-item-inner\">\n\t\t<div class=\"mkdf-eh-item-content mkdf-eh-custom-6713\" style=\"padding: 0 3.5% 0 80px\">\n\t\t\t<div class=\"mkdf-pricing-list clearfix mkdf-pli-normal-space\">\n\t\t<div class=\"mkdf-pl-wrapper\">\n\t\t\t<\/div>\n<\/div>\t\t<\/div>\n\t<\/div>\n<\/div><\/div>[\/vc_column][vc_column width=\u00a0\u00bb1\/3&Prime;][\/vc_column][vc_column][\/vc_column][\/vc_row][vc_row row_content_width=\u00a0\u00bbgrid\u00a0\u00bb][vc_column]<div class=\"mkdf-masonry-gallery-holder mkdf-disable-bottom-space mkdf-predefined-layout mkdf-three-columns mkdf-small-space\">\n\t<div class=\"mkdf-mg-inner mkdf-outer-space\">\n\t\t<div class=\"mkdf-mg-grid-sizer\"><\/div>\n\t\t<div class=\"mkdf-mg-grid-gutter\"><\/div>\n\t\t\n<article class=\"mkdf-item-space mkdf-mg-item mkdf-mg-with-button mkdf-masonry-size-small mkdf-mg-skin-default\">\n\t<div class=\"mkdf-mg-item-inner\">\n\t\t\t<div class=\"mkdf-mg-item-image\">\n\t\t<div class=\"mkdf-mg-item-image-inner\" style=\"background-image: url(https:\/\/ojaslo.fr\/wp-content\/uploads\/2019\/01\/h2-img-9.jpg)\">\n\t\t\t<img loading=\"lazy\" decoding=\"async\" width=\"433\" height=\"433\" src=\"https:\/\/ojaslo.fr\/wp-content\/uploads\/2019\/01\/h2-img-9.jpg\" class=\"attachment-post-thumbnail size-post-thumbnail wp-post-image\" alt=\"a\" srcset=\"https:\/\/ojaslo.fr\/wp-content\/uploads\/2019\/01\/h2-img-9.jpg 433w, https:\/\/ojaslo.fr\/wp-content\/uploads\/2019\/01\/h2-img-9-300x300.jpg 300w, https:\/\/ojaslo.fr\/wp-content\/uploads\/2019\/01\/h2-img-9-100x100.jpg 100w, https:\/\/ojaslo.fr\/wp-content\/uploads\/2019\/01\/h2-img-9-150x150.jpg 150w\" sizes=\"auto, (max-width: 433px) 100vw, 433px\" \/>\t\t<\/div>\n\t<\/div>\n\t\t<div class=\"mkdf-mg-item-holder\" >\n\t\t\t<div class=\"mkdf-mg-item-wrapper\" style=\"background-color:#96cf94\" data-hover-bg-color=\"#86ba75\">\n\t\t\t\t<div class=\"mkdf-mg-item-content\">\n\t\t\t\t\t\t\t\t\t\t\t<h2 itemprop=\"name\" class=\"mkdf-mg-item-title entry-title\" style=\"color:#ffffff\">\n\tPur<\/h2>\n\t\t\t\t\t\t\t\t\t<\/div>\n\t\t\t<\/div>\n\t\t<\/div>\n\t<\/div>\n<\/article>\n<article class=\"mkdf-item-space mkdf-mg-item mkdf-mg-simple mkdf-masonry-size-small mkdf-mg-skin-default\">\n\t<div class=\"mkdf-mg-item-inner\">\n\t\t\t<div class=\"mkdf-mg-item-image\">\n\t\t<div class=\"mkdf-mg-item-image-inner\" style=\"background-image: url(https:\/\/ojaslo.fr\/wp-content\/uploads\/2023\/11\/gommage_dos.jpg)\">\n\t\t\t<img loading=\"lazy\" decoding=\"async\" width=\"2048\" height=\"2048\" src=\"https:\/\/ojaslo.fr\/wp-content\/uploads\/2023\/11\/gommage_dos.jpg\" class=\"attachment-post-thumbnail size-post-thumbnail wp-post-image\" alt=\"\" srcset=\"https:\/\/ojaslo.fr\/wp-content\/uploads\/2023\/11\/gommage_dos.jpg 2048w, https:\/\/ojaslo.fr\/wp-content\/uploads\/2023\/11\/gommage_dos-300x300.jpg 300w, https:\/\/ojaslo.fr\/wp-content\/uploads\/2023\/11\/gommage_dos-1024x1024.jpg 1024w, https:\/\/ojaslo.fr\/wp-content\/uploads\/2023\/11\/gommage_dos-150x150.jpg 150w, https:\/\/ojaslo.fr\/wp-content\/uploads\/2023\/11\/gommage_dos-768x768.jpg 768w, https:\/\/ojaslo.fr\/wp-content\/uploads\/2023\/11\/gommage_dos-1536x1536.jpg 1536w, https:\/\/ojaslo.fr\/wp-content\/uploads\/2023\/11\/gommage_dos-650x650.jpg 650w, https:\/\/ojaslo.fr\/wp-content\/uploads\/2023\/11\/gommage_dos-1300x1300.jpg 1300w\" sizes=\"auto, (max-width: 2048px) 100vw, 2048px\" \/>\t\t<\/div>\n\t<\/div>\n\t<\/div>\n<\/article>\n\n<article class=\"mkdf-item-space mkdf-mg-item mkdf-mg-with-button mkdf-masonry-size-small mkdf-mg-skin-default\">\n\t<div class=\"mkdf-mg-item-inner\">\n\t\t\t<div class=\"mkdf-mg-item-image\">\n\t\t<div class=\"mkdf-mg-item-image-inner\" style=\"background-image: url(https:\/\/ojaslo.fr\/wp-content\/uploads\/2019\/01\/h1-masonry-4.jpg)\">\n\t\t\t<img loading=\"lazy\" decoding=\"async\" width=\"960\" height=\"960\" src=\"https:\/\/ojaslo.fr\/wp-content\/uploads\/2019\/01\/h1-masonry-4.jpg\" class=\"attachment-post-thumbnail size-post-thumbnail wp-post-image\" alt=\"a\" srcset=\"https:\/\/ojaslo.fr\/wp-content\/uploads\/2019\/01\/h1-masonry-4.jpg 960w, https:\/\/ojaslo.fr\/wp-content\/uploads\/2019\/01\/h1-masonry-4-300x300.jpg 300w, https:\/\/ojaslo.fr\/wp-content\/uploads\/2019\/01\/h1-masonry-4-100x100.jpg 100w, https:\/\/ojaslo.fr\/wp-content\/uploads\/2019\/01\/h1-masonry-4-600x600.jpg 600w, https:\/\/ojaslo.fr\/wp-content\/uploads\/2019\/01\/h1-masonry-4-150x150.jpg 150w, https:\/\/ojaslo.fr\/wp-content\/uploads\/2019\/01\/h1-masonry-4-768x768.jpg 768w, https:\/\/ojaslo.fr\/wp-content\/uploads\/2019\/01\/h1-masonry-4-650x650.jpg 650w\" sizes=\"auto, (max-width: 960px) 100vw, 960px\" \/>\t\t<\/div>\n\t<\/div>\n\t\t<div class=\"mkdf-mg-item-holder\" style=\"padding:17%\">\n\t\t\t<div class=\"mkdf-mg-item-wrapper\" style=\"background-color:#96cf94\" data-hover-bg-color=\"#86ba75\">\n\t\t\t\t<div class=\"mkdf-mg-item-content\">\n\t\t\t\t\t\t\t\t\t\t\t<h2 itemprop=\"name\" class=\"mkdf-mg-item-title entry-title\" style=\"color:#ffffff\">\n\tDoux<\/h2>\n\t\t\t\t\t\t\t\t\t<\/div>\n\t\t\t<\/div>\n\t\t<\/div>\n\t<\/div>\n<\/article>\n<article class=\"mkdf-item-space mkdf-mg-item mkdf-mg-simple mkdf-masonry-size-small mkdf-mg-skin-default\">\n\t<div class=\"mkdf-mg-item-inner\">\n\t\t\t<div class=\"mkdf-mg-item-image\">\n\t\t<div class=\"mkdf-mg-item-image-inner\" style=\"background-image: url(https:\/\/ojaslo.fr\/wp-content\/uploads\/2023\/11\/gommage_jambes.jpg)\">\n\t\t\t<img loading=\"lazy\" decoding=\"async\" width=\"2048\" height=\"2048\" src=\"https:\/\/ojaslo.fr\/wp-content\/uploads\/2023\/11\/gommage_jambes.jpg\" class=\"attachment-post-thumbnail size-post-thumbnail wp-post-image\" alt=\"\" srcset=\"https:\/\/ojaslo.fr\/wp-content\/uploads\/2023\/11\/gommage_jambes.jpg 2048w, https:\/\/ojaslo.fr\/wp-content\/uploads\/2023\/11\/gommage_jambes-300x300.jpg 300w, https:\/\/ojaslo.fr\/wp-content\/uploads\/2023\/11\/gommage_jambes-1024x1024.jpg 1024w, https:\/\/ojaslo.fr\/wp-content\/uploads\/2023\/11\/gommage_jambes-150x150.jpg 150w, https:\/\/ojaslo.fr\/wp-content\/uploads\/2023\/11\/gommage_jambes-768x768.jpg 768w, https:\/\/ojaslo.fr\/wp-content\/uploads\/2023\/11\/gommage_jambes-1536x1536.jpg 1536w, https:\/\/ojaslo.fr\/wp-content\/uploads\/2023\/11\/gommage_jambes-650x650.jpg 650w, https:\/\/ojaslo.fr\/wp-content\/uploads\/2023\/11\/gommage_jambes-1300x1300.jpg 1300w\" sizes=\"auto, (max-width: 2048px) 100vw, 2048px\" \/>\t\t<\/div>\n\t<\/div>\n\t<\/div>\n<\/article>\n\n<article class=\"mkdf-item-space mkdf-mg-item mkdf-mg-with-button mkdf-masonry-size-small mkdf-mg-skin-light\">\n\t<div class=\"mkdf-mg-item-inner\">\n\t\t\t<div class=\"mkdf-mg-item-image\">\n\t\t<div class=\"mkdf-mg-item-image-inner\" style=\"background-image: url(https:\/\/ojaslo.fr\/wp-content\/uploads\/2019\/01\/h2-img-8.jpg)\">\n\t\t\t<img loading=\"lazy\" decoding=\"async\" width=\"433\" height=\"433\" src=\"https:\/\/ojaslo.fr\/wp-content\/uploads\/2019\/01\/h2-img-8.jpg\" class=\"attachment-post-thumbnail size-post-thumbnail wp-post-image\" alt=\"a\" srcset=\"https:\/\/ojaslo.fr\/wp-content\/uploads\/2019\/01\/h2-img-8.jpg 433w, https:\/\/ojaslo.fr\/wp-content\/uploads\/2019\/01\/h2-img-8-300x300.jpg 300w, https:\/\/ojaslo.fr\/wp-content\/uploads\/2019\/01\/h2-img-8-100x100.jpg 100w, https:\/\/ojaslo.fr\/wp-content\/uploads\/2019\/01\/h2-img-8-150x150.jpg 150w\" sizes=\"auto, (max-width: 433px) 100vw, 433px\" \/>\t\t<\/div>\n\t<\/div>\n\t\t<div class=\"mkdf-mg-item-holder\" >\n\t\t\t<div class=\"mkdf-mg-item-wrapper\" style=\"background-color:#f8b1b0\" data-hover-bg-color=\"#f48580\">\n\t\t\t\t<div class=\"mkdf-mg-item-content\">\n\t\t\t\t\t\t\t\t\t\t\t<h2 itemprop=\"name\" class=\"mkdf-mg-item-title entry-title\" >\n\tRituel<\/h2>\n\t\t\t\t\t\t\t\t\t<\/div>\n\t\t\t<\/div>\n\t\t<\/div>\n\t<\/div>\n<\/article>\n<article class=\"mkdf-item-space mkdf-mg-item mkdf-mg-simple mkdf-masonry-size-small mkdf-mg-skin-default\">\n\t<div class=\"mkdf-mg-item-inner\">\n\t\t\t<div class=\"mkdf-mg-item-image\">\n\t\t<div class=\"mkdf-mg-item-image-inner\" style=\"background-image: url(https:\/\/ojaslo.fr\/wp-content\/uploads\/2023\/11\/main_gommage.jpg)\">\n\t\t\t<img loading=\"lazy\" decoding=\"async\" width=\"2048\" height=\"2048\" src=\"https:\/\/ojaslo.fr\/wp-content\/uploads\/2023\/11\/main_gommage.jpg\" class=\"attachment-post-thumbnail size-post-thumbnail wp-post-image\" alt=\"\" srcset=\"https:\/\/ojaslo.fr\/wp-content\/uploads\/2023\/11\/main_gommage.jpg 2048w, https:\/\/ojaslo.fr\/wp-content\/uploads\/2023\/11\/main_gommage-300x300.jpg 300w, https:\/\/ojaslo.fr\/wp-content\/uploads\/2023\/11\/main_gommage-1024x1024.jpg 1024w, https:\/\/ojaslo.fr\/wp-content\/uploads\/2023\/11\/main_gommage-150x150.jpg 150w, https:\/\/ojaslo.fr\/wp-content\/uploads\/2023\/11\/main_gommage-768x768.jpg 768w, https:\/\/ojaslo.fr\/wp-content\/uploads\/2023\/11\/main_gommage-1536x1536.jpg 1536w, https:\/\/ojaslo.fr\/wp-content\/uploads\/2023\/11\/main_gommage-650x650.jpg 650w, https:\/\/ojaslo.fr\/wp-content\/uploads\/2023\/11\/main_gommage-1300x1300.jpg 1300w\" sizes=\"auto, (max-width: 2048px) 100vw, 2048px\" \/>\t\t<\/div>\n\t<\/div>\n\t<\/div>\n<\/article>\n\t<\/div>\n<\/div>[vc_empty_space][\/vc_column][\/vc_row][vc_row][vc_column][\/vc_column][\/vc_row]<\/p>\n","protected":false},"excerpt":{"rendered":"<p>[vc_row][vc_column][vc_empty_space][vc_empty_space][\/vc_column][\/vc_row][vc_row][vc_column][vc_empty_space height=\u00a0\u00bb50px\u00a0\u00bb][\/vc_column][\/vc_row][vc_row][vc_column width=\u00a0\u00bb1\/3&Prime;][\/vc_column][vc_column width=\u00a0\u00bb1\/3&Prime;][\/vc_column][vc_column width=\u00a0\u00bb1\/3&Prime;][\/vc_column][\/vc_row][vc_row][vc_column][\/vc_column][\/vc_row][vc_row][vc_column width=\u00a0\u00bb1\/3&Prime;][\/vc_column][vc_column width=\u00a0\u00bb1\/3&Prime;][\/vc_column][vc_column width=\u00a0\u00bb1\/3&Prime;][\/vc_column][vc_column][\/vc_column][\/vc_row][vc_row row_content_width=\u00a0\u00bbgrid\u00a0\u00bb][vc_column][vc_empty_space][\/vc_column][\/vc_row][vc_row][vc_column][\/vc_column][\/vc_row]<\/p>\n","protected":false},"author":1,"featured_media":0,"parent":0,"menu_order":0,"comment_status":"closed","ping_status":"closed","template":"full-width.php","meta":{"footnotes":""},"class_list":["post-4176","page","type-page","status-publish","hentry"],"_links":{"self":[{"href":"https:\/\/ojaslo.fr\/index.php\/wp-json\/wp\/v2\/pages\/4176","targetHints":{"allow":["GET"]}}],"collection":[{"href":"https:\/\/ojaslo.fr\/index.php\/wp-json\/wp\/v2\/pages"}],"about":[{"href":"https:\/\/ojaslo.fr\/index.php\/wp-json\/wp\/v2\/types\/page"}],"author":[{"embeddable":true,"href":"https:\/\/ojaslo.fr\/index.php\/wp-json\/wp\/v2\/users\/1"}],"replies":[{"embeddable":true,"href":"https:\/\/ojaslo.fr\/index.php\/wp-json\/wp\/v2\/comments?post=4176"}],"version-history":[{"count":38,"href":"https:\/\/ojaslo.fr\/index.php\/wp-json\/wp\/v2\/pages\/4176\/revisions"}],"predecessor-version":[{"id":5379,"href":"https:\/\/ojaslo.fr\/index.php\/wp-json\/wp\/v2\/pages\/4176\/revisions\/5379"}],"wp:attachment":[{"href":"https:\/\/ojaslo.fr\/index.php\/wp-json\/wp\/v2\/media?parent=4176"}],"curies":[{"name":"wp","href":"https:\/\/api.w.org\/{rel}","templated":true}]}}