{"id":566,"date":"2019-01-09T13:38:49","date_gmt":"2019-01-09T13:38:49","guid":{"rendered":"https:\/\/oaza.mikado-themes.com\/?page_id=566"},"modified":"2023-12-13T21:47:22","modified_gmt":"2023-12-13T20:47:22","slug":"about-me","status":"publish","type":"page","link":"https:\/\/ojaslo.fr\/index.php\/about-me\/","title":{"rendered":"A propos de moi"},"content":{"rendered":"<p>[vc_row css=\u00a0\u00bb.vc_custom_1548864277834{padding-top: 150px !important;padding-bottom: 145px !important;}\u00a0\u00bb][vc_column offset=\u00a0\u00bbvc_col-lg-2 vc_col-md-1 vc_col-xs-12&Prime;][\/vc_column][vc_column offset=\u00a0\u00bbvc_col-lg-8 vc_col-md-10 vc_col-xs-12&Prime;]<div class=\"mkdf-elements-holder   mkdf-one-column  mkdf-responsive-mode-768 \" ><div class=\"mkdf-eh-item    \"  data-item-class=\"mkdf-eh-custom-6022\" data-1367-1600=\"0%\" data-1025-1366=\"0%\" data-769-1024=\"0% 6%\" data-681-768=\"0%\" data-680=\"0% 6%\">\n\t<div class=\"mkdf-eh-item-inner\">\n\t\t<div class=\"mkdf-eh-item-content mkdf-eh-custom-6022\" style=\"padding: 0% 7%\">\n\t\t\t[vc_single_image image=\u00a0\u00bb4491&Prime; img_size=\u00a0\u00bblarge\u00a0\u00bb alignment=\u00a0\u00bbcenter\u00a0\u00bb]<div class=\"mkdf-team-holder mkdf-team-info-below-image\">\n\t<div class=\"mkdf-team-inner\">\n\t\t\t\t<div class=\"mkdf-team-info\">\n\t\t\t\t\t\t\t<span class=\"mkdf-h7 mkdf-team-position\" >Qui suis-je ?<\/span>\n\t\t\t\t\t\t\t\t\t\t<h3 class=\"mkdf-team-name\" >Sharmeeladevi Ganesan<\/h3>\n\t\t\t\t\t\t\t\t\t\t\t\t\t<div class=\"mkdf-team-social-holder\">\n\t\t\t\t\t\t\t\t\t\t\t<span class=\"mkdf-team-icon\">    <span class=\"mkdf-icon-shortcode mkdf-normal   \">\n                    <a class=\"\" href=\"http:\/\/www.instagram.com\/ojaslo.institut\/\" target=\"_blank\">\n                    <i class=\"mkdf-icon-simple-line-icon icon-social-instagram mkdf-icon-element\"><\/i>                    <\/a>\n            <\/span>\n<\/span>\n\t\t\t\t\t\t\t\t\t\t\t<span class=\"mkdf-team-icon\">    <span class=\"mkdf-icon-shortcode mkdf-normal   \">\n                    <a class=\"\" href=\"http:\/\/www.facebook.com\/profile.php?id=61553090708477\" target=\"_blank\">\n                    <i class=\"mkdf-icon-simple-line-icon icon-social-facebook mkdf-icon-element\"><\/i>                    <\/a>\n            <\/span>\n<\/span>\n\t\t\t\t\t\t\t\t\t<\/div>\n\t\t\t\t\t<\/div>\n\t<\/div>\n<\/div>[vc_column_text]D\u00e8s ma naissance, le massage et le contact tactile avec la peau ont jou\u00e9 un r\u00f4le pr\u00e9pond\u00e9rant dans ma vie, une immersion culturelle profonde ancr\u00e9e dans les traditions hindoues de ma Malaisie natale. Ces rituels ancestraux, transmis de g\u00e9n\u00e9ration en g\u00e9n\u00e9ration, ont sem\u00e9 en moi la graine de la passion pour le bien-\u00eatre et la beaut\u00e9. Aujourd&rsquo;hui, \u00e9tablie en France, je suis fi\u00e8re de fusionner cet h\u00e9ritage pr\u00e9cieux avec des techniques esth\u00e9tiques modernes, offrant ainsi une approche unique du soin esth\u00e9tique et du massage.<\/p>\n<p>&nbsp;<\/p>\n<p>Mon parcours professionnel, riche et international, m&rsquo;a permis d&rsquo;affiner mon expertise en travaillant dans des spas renomm\u00e9s en Malaisie, \u00e0 Singapour et en France. Ces exp\u00e9riences ont non seulement enrichi ma compr\u00e9hension des diverses techniques de soins et de massage, mais ont \u00e9galement aiguis\u00e9 ma capacit\u00e9 \u00e0 cr\u00e9er des exp\u00e9riences de bien-\u00eatre exceptionnelles pour une client\u00e8le diversifi\u00e9e.<\/p>\n<p>&nbsp;<\/p>\n<p>En tant qu&rsquo;esth\u00e9ticienne et masseuse dipl\u00f4m\u00e9e, je me sp\u00e9cialise dans les soins du visage et du corps, ainsi que dans l&rsquo;\u00e9pilation au fil, une technique d\u00e9licate qui refl\u00e8te l&rsquo;harmonie de l&rsquo;ancien et du nouveau. Mon parcours m&rsquo;a \u00e9galement permis d&rsquo;int\u00e9grer des m\u00e9thodes fran\u00e7aises contemporaines, enrichissant davantage mon r\u00e9pertoire de services et la qualit\u00e9 des soins prodigu\u00e9s.<\/p>\n<p>&nbsp;<\/p>\n<p>Mon espace de bien-\u00eatre en France est un havre o\u00f9 les traditions malaisiennes rencontrent l&rsquo;expertise fran\u00e7aise, cr\u00e9ant une exp\u00e9rience de soin distincte. Chaque session est une invitation \u00e0 un voyage sensoriel, o\u00f9 le toucher devient un langage de gu\u00e9rison et de revitalisation. Mes s\u00e9ances de massage, en particulier, sont des moments de d\u00e9tente profonde, o\u00f9 le flux d&rsquo;\u00e9nergie est r\u00e9tabli et la s\u00e9r\u00e9nit\u00e9 retrouv\u00e9e.<\/p>\n<p>&nbsp;<\/p>\n<p>Je suis engag\u00e9e \u00e0 offrir des soins personnalis\u00e9s qui valorisent et respectent la singularit\u00e9 de votre peau. En poursuivant des formations continues et en explorant constamment de nouvelles techniques, mon objectif demeure de fournir une exp\u00e9rience de bien-\u00eatre exceptionnelle, tout en c\u00e9l\u00e9brant la fusion enrichissante des cultures qui fa\u00e7onnent mon approche.<\/p>\n<p>&nbsp;<\/p>\n<p>Je vous invite \u00e0 d\u00e9couvrir l&rsquo;alliance d\u00e9licate de l&rsquo;h\u00e9ritage hindou et de l&rsquo;expertise esth\u00e9tique fran\u00e7aise, et \u00e0 ressentir le bien-\u00eatre profond qui d\u00e9coule de cette harmonie culturelle et professionnelle.[\/vc_column_text]\t\t<\/div>\n\t<\/div>\n<\/div><\/div>[\/vc_column][vc_column offset=\u00a0\u00bbvc_col-lg-2 vc_col-md-1 vc_col-xs-12&Prime;][\/vc_column][\/vc_row]<\/p>\n","protected":false},"excerpt":{"rendered":"<p>[vc_row css=\u00a0\u00bb.vc_custom_1548864277834{padding-top: 150px !important;padding-bottom: 145px !important;}\u00a0\u00bb][vc_column offset=\u00a0\u00bbvc_col-lg-2 vc_col-md-1 vc_col-xs-12&Prime;][\/vc_column][vc_column offset=\u00a0\u00bbvc_col-lg-8 vc_col-md-10 vc_col-xs-12&Prime;][\/vc_column][vc_column offset=\u00a0\u00bbvc_col-lg-2 vc_col-md-1 vc_col-xs-12&Prime;][\/vc_column][\/vc_row]<\/p>\n","protected":false},"author":1,"featured_media":0,"parent":0,"menu_order":0,"comment_status":"closed","ping_status":"closed","template":"full-width.php","meta":{"footnotes":""},"class_list":["post-566","page","type-page","status-publish","hentry"],"_links":{"self":[{"href":"https:\/\/ojaslo.fr\/index.php\/wp-json\/wp\/v2\/pages\/566","targetHints":{"allow":["GET"]}}],"collection":[{"href":"https:\/\/ojaslo.fr\/index.php\/wp-json\/wp\/v2\/pages"}],"about":[{"href":"https:\/\/ojaslo.fr\/index.php\/wp-json\/wp\/v2\/types\/page"}],"author":[{"embeddable":true,"href":"https:\/\/ojaslo.fr\/index.php\/wp-json\/wp\/v2\/users\/1"}],"replies":[{"embeddable":true,"href":"https:\/\/ojaslo.fr\/index.php\/wp-json\/wp\/v2\/comments?post=566"}],"version-history":[{"count":18,"href":"https:\/\/ojaslo.fr\/index.php\/wp-json\/wp\/v2\/pages\/566\/revisions"}],"predecessor-version":[{"id":4659,"href":"https:\/\/ojaslo.fr\/index.php\/wp-json\/wp\/v2\/pages\/566\/revisions\/4659"}],"wp:attachment":[{"href":"https:\/\/ojaslo.fr\/index.php\/wp-json\/wp\/v2\/media?parent=566"}],"curies":[{"name":"wp","href":"https:\/\/api.w.org\/{rel}","templated":true}]}}